{"id":17149,"date":"2020-03-02T23:33:27","date_gmt":"2020-03-02T23:33:27","guid":{"rendered":"https:\/\/demo01.houzez.co\/?page_id=17149"},"modified":"2024-07-04T10:33:15","modified_gmt":"2024-07-04T14:33:15","slug":"formulario-consulta","status":"publish","type":"page","link":"https:\/\/prohouse.com.do\/en\/formulario-consulta\/","title":{"rendered":"Formulario de consulta"},"content":{"rendered":"\t\t<div data-elementor-type=\"wp-page\" data-elementor-id=\"17149\" class=\"elementor elementor-17149\">\n\t\t\t\t\t\t<section class=\"elementor-section elementor-top-section elementor-element elementor-element-5ec2734 elementor-section-boxed elementor-section-height-default elementor-section-height-default\" data-id=\"5ec2734\" data-element_type=\"section\" data-e-type=\"section\">\n\t\t\t\t\t\t<div class=\"elementor-container elementor-column-gap-default\">\n\t\t\t\t\t<div class=\"elementor-column elementor-col-100 elementor-top-column elementor-element elementor-element-e1bd41f\" data-id=\"e1bd41f\" data-element_type=\"column\" data-e-type=\"column\">\n\t\t\t<div class=\"elementor-widget-wrap elementor-element-populated\">\n\t\t\t\t\t\t<div class=\"elementor-element elementor-element-49cbafe elementor-widget elementor-widget-houzez_elementor_space\" data-id=\"49cbafe\" data-element_type=\"widget\" data-e-type=\"widget\" data-widget_type=\"houzez_elementor_space.default\">\n\t\t\t\t<div class=\"elementor-widget-container\">\n\t\t\t\t\t        <div class=\"houzez-spacer\">\n            <div class=\"houzez-spacer-inner\"><\/div>\n        <\/div>\n        \t\t\t\t<\/div>\n\t\t\t\t<\/div>\n\t\t\t\t<section class=\"elementor-section elementor-inner-section elementor-element elementor-element-6efd58c animated-slow elementor-section-boxed elementor-section-height-default elementor-section-height-default elementor-invisible\" data-id=\"6efd58c\" data-element_type=\"section\" data-e-type=\"section\" data-settings=\"{&quot;background_background&quot;:&quot;classic&quot;,&quot;animation&quot;:&quot;fadeIn&quot;}\">\n\t\t\t\t\t\t<div class=\"elementor-container elementor-column-gap-no\">\n\t\t\t\t\t<div class=\"elementor-column elementor-col-100 elementor-inner-column elementor-element elementor-element-856004d\" data-id=\"856004d\" data-element_type=\"column\" data-e-type=\"column\">\n\t\t\t<div class=\"elementor-widget-wrap elementor-element-populated\">\n\t\t\t\t\t\t<div class=\"elementor-element elementor-element-8ff1404 elementor-widget elementor-widget-text-editor\" data-id=\"8ff1404\" data-element_type=\"widget\" data-e-type=\"widget\" data-widget_type=\"text-editor.default\">\n\t\t\t\t<div class=\"elementor-widget-container\">\n\t\t\t\t\t\t\t\t\t<h3>Formulario de consulta personalizado<\/h3>\t\t\t\t\t\t\t\t<\/div>\n\t\t\t\t<\/div>\n\t\t\t\t<div class=\"elementor-element elementor-element-42f882c elementor-button-align-stretch elementor-widget elementor-widget-houzez_elementor_inquiry_form\" data-id=\"42f882c\" data-element_type=\"widget\" data-e-type=\"widget\" data-widget_type=\"houzez_elementor_inquiry_form.default\">\n\t\t\t\t<div class=\"elementor-widget-container\">\n\t\t\t\t\t\n        <script type=\"application\/javascript\">\n            jQuery(document).bind(\"ready\", function () {\n                houzezValidateElementor(\"#houzez-form-42f882c\" );\n            });\n        <\/script>\n\n\n        <form class=\"elementor-form houzez-ele-form-js\" id=\"houzez-form-42f882c\" method=\"post\" name=\"InquiryForm\" action=\"https:\/\/prohouse.com.do\/wp-admin\/admin-ajax.php\">\n            <input type=\"hidden\" name=\"form_id\" value=\"42f882c\"\/>\n            <input type=\"hidden\" name=\"action\" value=\"houzez_ele_inquiry_form\" \/>\n            <input type=\"hidden\" name=\"source_link\" value=\"https:\/\/prohouse.com.do\/en\/formulario-consulta\/\" \/>\n            <input type=\"hidden\" name=\"lead_page_id\" value=\"17149\" \/>\n            <input type=\"hidden\" name=\"is_estimation\" value=\"yes\" \/>\n            <input type=\"hidden\" name=\"webhook\" value=\"\" \/>\n            <input type=\"hidden\" name=\"webhook_url\" value=\"\" \/>\n            <input type=\"hidden\" name=\"redirect_to\" value=\"http:\/\/prohouse.com.do\" \/>\n            <input type=\"hidden\" name=\"email_subject\" value=\"Nueva solicitud de vivienda\" \/>\n            <input type=\"hidden\" name=\"google_recaptcha\" value=\"yes\" \/>\n\n            <div class=\"elementor-form-fields-wrapper elementor-labels-above\">\n\n                                    <div class=\"elementor-field-group elementor-column form-group elementor-field-group-ba6c34c elementor-col-100 elementor-field-required elementor-mark-required\">\n                    <label for=\"form-field-ba6c34c\" class=\"form-label elementor-field-label\">Tipo de consulta<\/label>        <div class=\"elementor-field elementor-select-wrapper\">\n            <select name=\"enquiry_type\" id=\"form-field-ba6c34c\" class=\"elementor-field-textual form-control elementor-size-md\" required=\"required\" title=\"* Tipo de consulta\">\n                <option value=\"\">Selecciona<\/option><option value=\"Compra\">Compra<\/value><option value=\"Alquiler\"> Alquiler<\/value><option value=\"Venta\"> Venta<\/value><option value=\"Evaluaci\u00f3n\"> Evaluaci\u00f3n<\/value><option value=\"Hipoteca\"> Hipoteca<\/value>            <\/select>\n        <\/div>\n                            <\/div>\n\n                                        <div class=\"elementor-field-group elementor-column form-group elementor-field-group-b7fe77d elementor-col-100 elementor-field-required elementor-mark-required\">\n                    <label for=\"form-field-b7fe77d\" class=\"form-label elementor-field-label\">Informaci\u00f3n<\/label>        <div class=\"elementor-field elementor-select-wrapper\">\n            <select name=\"user_type\" id=\"form-field-b7fe77d\" class=\"elementor-field-textual form-control elementor-size-md\" required=\"required\" title=\"* Informaci\u00f3n\">\n                <option value=\"\">Soy un\/una<\/option><option value=\"Soy cliente\">Soy cliente<\/option><option value=\"Soy agente inmobiliario\">Soy agente inmobiliario<\/option><option value=\"Soy due\u00f1o de una propiedad\">Soy due\u00f1o de una propiedad<\/option>            <\/select>\n        <\/div>\n                            <\/div>\n\n                                        <div class=\"elementor-field-group elementor-column form-group elementor-field-group-cc6b92f elementor-col-50 elementor-field-required elementor-mark-required\">\n                    <input type=\"text\" name=\"first_name\" id=\"form-field-cc6b92f\" class=\"elementor-field form-control elementor-size-md elementor-field-textual\" placeholder=\"Nombre\" title=\"* Nombre\" required=\"required\">                    <\/div>\n\n                                        <div class=\"elementor-field-group elementor-column form-group elementor-field-group-3cc124e elementor-col-50\">\n                    <input type=\"text\" name=\"last_name\" id=\"form-field-3cc124e\" class=\"elementor-field form-control elementor-size-md elementor-field-textual\" placeholder=\"Apellido\" title=\"* Apellido\">                    <\/div>\n\n                                        <div class=\"elementor-field-group elementor-column form-group elementor-field-group-932d82c elementor-col-50\">\n                    <input type=\"email\" name=\"email\" id=\"form-field-932d82c\" class=\"elementor-field form-control elementor-size-md elementor-field-textual\" placeholder=\"Email \" title=\"* Email \">                    <\/div>\n\n                                        <div class=\"elementor-field-group elementor-column form-group elementor-field-group-304b68f elementor-col-50 elementor-field-required elementor-mark-required\">\n                    <input type=\"text\" name=\"mobile\" id=\"form-field-304b68f\" class=\"elementor-field form-control elementor-size-md elementor-field-textual\" placeholder=\"Tel\u00e9fono m\u00f3vil\" title=\"* Tel\u00e9fono m\u00f3vil\" required=\"required\">                    <\/div>\n\n                                        <div class=\"elementor-field-group elementor-column form-group elementor-field-group-bf1d035 elementor-col-33 elementor-field-required elementor-mark-required\">\n                    <label for=\"form-field-bf1d035\" class=\"form-label elementor-field-label\">Ubicaci\u00f3n<\/label>        <div class=\"elementor-field elementor-select-wrapper\">\n            <select name=\"e_meta[city]\" id=\"form-field-bf1d035\" class=\"elementor-field-textual form-control elementor-size-md\" required=\"required\" title=\"* Ubicaci\u00f3n\">\n                <option value=\"\">Seleccionar ciudad<\/option><option data-ref=\"bavaro\" data-belong=\"\" value=\"bavaro\"> B\u00e1varo<\/option><option data-ref=\"esperanza\" data-belong=\"\" value=\"esperanza\"> Esperanza<\/option><option data-ref=\"jarabacoa\" data-belong=\"\" value=\"jarabacoa\"> Jarabacoa<\/option><option data-ref=\"puerto-plata\" data-belong=\"\" value=\"puerto-plata\"> Puerto plata<\/option><option data-ref=\"punta-cana\" data-belong=\"\" value=\"punta-cana\"> Punta cana<\/option><option data-ref=\"santiago\" data-belong=\"\" value=\"santiago\"> Santiago<\/option><option data-ref=\"santo-domingo\" data-belong=\"\" value=\"santo-domingo\"> Santo Domingo<\/option><option data-ref=\"santo-domingo-d-n\" data-belong=\"\" value=\"santo-domingo-d-n\"> Santo Domingo D.N.<\/option><option data-ref=\"villa-tapia\" data-belong=\"\" value=\"villa-tapia\"> Villa Tapia<\/option>            <\/select>\n        <\/div>\n                            <\/div>\n\n                                        <div class=\"elementor-field-group elementor-column form-group elementor-field-group-d2cd125 elementor-col-33\">\n                    <label for=\"form-field-d2cd125\" class=\"form-label elementor-field-label\">&nbsp;<\/label>        <div class=\"elementor-field elementor-select-wrapper\">\n            <select name=\"e_meta[area]\" id=\"form-field-d2cd125\" class=\"elementor-field-textual form-control elementor-size-md\">\n                <option value=\"\">Selecciona el sector<\/option><option data-ref=\"alterra\" data-belong=\"\" value=\"alterra\"> Alterra<\/option><option data-ref=\"arroyo-hondo\" data-belong=\"\" value=\"arroyo-hondo\"> Arroyo Hondo<\/option><option data-ref=\"borojol\" data-belong=\"santiago\" value=\"borojol\"> Borojol<\/option><option data-ref=\"buena-vista\" data-belong=\"\" value=\"buena-vista\"> Buena Vista<\/option><option data-ref=\"cerro-hermoso\" data-belong=\"\" value=\"cerro-hermoso\"> Cerro Hermoso<\/option><option data-ref=\"cerros-de-gurabo\" data-belong=\"santiago\" value=\"cerros-de-gurabo\"> Cerros de Gurabo<\/option><option data-ref=\"crucero\" data-belong=\"\" value=\"crucero\"> Crucero<\/option><option data-ref=\"el-dorado-i\" data-belong=\"\" value=\"el-dorado-i\"> El Dorado I<\/option><option data-ref=\"el-embrujo\" data-belong=\"\" value=\"el-embrujo\"> El Embrujo<\/option><option data-ref=\"el-hoyo-de-bartola\" data-belong=\"santiago\" value=\"el-hoyo-de-bartola\"> El Hoyo de Bartola<\/option><option data-ref=\"el-paraiso\" data-belong=\"santiago\" value=\"el-paraiso\"> El paraiso<\/option><option data-ref=\"embrujo-i\" data-belong=\"santiago\" value=\"embrujo-i\"> Embrujo I<\/option><option data-ref=\"embrujo-ii\" data-belong=\"santiago\" value=\"embrujo-ii\"> Embrujo II<\/option><option data-ref=\"embrujo-iii\" data-belong=\"santiago\" value=\"embrujo-iii\"> Embrujo III<\/option><option data-ref=\"evaristo-morales\" data-belong=\"\" value=\"evaristo-morales\"> Evaristo Morales<\/option><option data-ref=\"gurabito\" data-belong=\"santiago\" value=\"gurabito\"> Gurabito<\/option><option data-ref=\"gurabo\" data-belong=\"santiago\" value=\"gurabo\"> Gurabo<\/option><option data-ref=\"gurabo-o-flor-de-gurabo\" data-belong=\"\" value=\"gurabo-o-flor-de-gurabo\"> Gurabo O Flor De Gurabo<\/option><option data-ref=\"jacagua\" data-belong=\"\" value=\"jacagua\"> Jacagua<\/option><option data-ref=\"jarabacoa\" data-belong=\"\" value=\"jarabacoa\"> Jarabacoa<\/option><option data-ref=\"jardines-del-sur-i-y-ii\" data-belong=\"\" value=\"jardines-del-sur-i-y-ii\"> Jardines Del Sur I Y Ii<\/option><option data-ref=\"jicome-abajo\" data-belong=\"\" value=\"jicome-abajo\"> Jicom\u00e9 Abajo<\/option><option data-ref=\"la-arboleda\" data-belong=\"\" value=\"la-arboleda\"> La Arboleda<\/option><option data-ref=\"la-delgada\" data-belong=\"\" value=\"la-delgada\"> La Delgada<\/option><option data-ref=\"la-loteria\" data-belong=\"santiago\" value=\"la-loteria\"> La Loter\u00eda<\/option><option data-ref=\"las-carmelitas\" data-belong=\"\" value=\"las-carmelitas\"> Las Carmelitas<\/option><option data-ref=\"las-colinas\" data-belong=\"\" value=\"las-colinas\"> Las Colinas<\/option><option data-ref=\"licey-al-medio\" data-belong=\"santiago\" value=\"licey-al-medio\"> Licey al medio<\/option><option data-ref=\"llanos-de-gurabo\" data-belong=\"\" value=\"llanos-de-gurabo\"> Llanos de Gurabo<\/option><option data-ref=\"los-jardines-metropolitanos\" data-belong=\"\" value=\"los-jardines-metropolitanos\"> Los Jardines Metropolitanos<\/option><option data-ref=\"los-laureles\" data-belong=\"\" value=\"los-laureles\"> LOS LAURELES<\/option><option data-ref=\"los-pepines\" data-belong=\"santiago\" value=\"los-pepines\"> Los Pepines<\/option><option data-ref=\"los-rieles-de-gurabo\" data-belong=\"\" value=\"los-rieles-de-gurabo\"> Los Rieles de Gurabo<\/option><option data-ref=\"matanzas\" data-belong=\"santiago\" value=\"matanzas\"> Matanzas<\/option><option data-ref=\"mirador-sur\" data-belong=\"\" value=\"mirador-sur\"> Mirador Sur<\/option><option data-ref=\"monte-adentro-licey\" data-belong=\"\" value=\"monte-adentro-licey\"> Monte Adentro Licey<\/option><option data-ref=\"nibaje\" data-belong=\"santiago\" value=\"nibaje\"> Nibaje<\/option><option data-ref=\"pekin\" data-belong=\"santiago\" value=\"pekin\"> Pek\u00edn<\/option><option data-ref=\"playa-dorada\" data-belong=\"\" value=\"playa-dorada\"> Playa Dorada<\/option><option data-ref=\"pontezuela\" data-belong=\"santiago\" value=\"pontezuela\"> Pontezuela<\/option><option data-ref=\"punal\" data-belong=\"santiago\" value=\"punal\"> Pu\u00f1al<\/option><option data-ref=\"punta-cana\" data-belong=\"\" value=\"punta-cana\"> Punta cana<\/option><option data-ref=\"reparto-panorama\" data-belong=\"\" value=\"reparto-panorama\"> Reparto Panorama<\/option><option data-ref=\"san-jose-de-cenovi\" data-belong=\"\" value=\"san-jose-de-cenovi\"> San Jos\u00e9 De Cenov\u00ed<\/option><option data-ref=\"tigaiga\" data-belong=\"santiago\" value=\"tigaiga\"> Tigaiga<\/option><option data-ref=\"urbanizacion-amanecer\" data-belong=\"\" value=\"urbanizacion-amanecer\"> Urbanizaci\u00f3n Amanecer<\/option><option data-ref=\"urbanizacion-thomen\" data-belong=\"\" value=\"urbanizacion-thomen\"> Urbanizaci\u00f3n Thomen<\/option><option data-ref=\"villa-maria\" data-belong=\"\" value=\"villa-maria\"> Villa Mar\u00eda<\/option><option data-ref=\"villa-olga\" data-belong=\"\" value=\"villa-olga\"> Villa Olga<\/option><option data-ref=\"yapur-dumit\" data-belong=\"santiago\" value=\"yapur-dumit\"> Yapur Dumit<\/option><option data-ref=\"zurza\" data-belong=\"\" value=\"zurza\"> Zurza<\/option>            <\/select>\n        <\/div>\n                            <\/div>\n\n                                        <div class=\"elementor-field-group elementor-column form-group elementor-field-group-3180222 elementor-col-100\">\n                    <label for=\"form-field-3180222\" class=\"form-label elementor-field-label\">Propiedad<\/label>        <div class=\"elementor-field elementor-select-wrapper\">\n            <select name=\"e_meta[property_type]\" id=\"form-field-3180222\" class=\"elementor-field-textual form-control elementor-size-md\">\n                <option value=\"\">Seleccione tipo<\/option><option value=\"apartamentos\"> Apartamentos<\/option><option value=\"casas\"> Casas<\/option><option value=\"commercial\"> Comercial<\/option><option value=\"oficina\">-  Oficina<\/option><option value=\"edificios\"> Edificios<\/option><option value=\"fincas\"> Fincas<\/option><option value=\"locales-comerciales\"> Locales Comerciales<\/option><option value=\"nave-industrial\"> Nave Industrial<\/option><option value=\"nave-industrial-nave-industrial\">-  Nave Industrial<\/option><option value=\"residential\"> Residencial<\/option><option value=\"apartment\">-  Apartamento<\/option><option value=\"condo\">-  Condo<\/option><option value=\"studio\">-  Estudio<\/option><option value=\"villa\">-  Villa<\/option><option value=\"solar\"> Solar<\/option><option value=\"tower\"> Torre<\/option><option value=\"villas\"> Villas<\/option>            <\/select>\n        <\/div>\n                            <\/div>\n\n                                        <div class=\"elementor-field-group elementor-column form-group elementor-field-group-c549d17 elementor-col-33\">\n                    <input type=\"number\" name=\"e_meta[max-price]\" id=\"form-field-c549d17\" class=\"elementor-field form-control elementor-size-md elementor-field-textual\" placeholder=\"Precio m\u00e1ximo\" title=\"* Precio m\u00e1ximo\" min=\"0\">                    <\/div>\n\n                                        <div class=\"elementor-field-group elementor-column form-group elementor-field-group-e08cbcb elementor-col-60\">\n                    <input type=\"number\" name=\"e_meta[area-size]\" id=\"form-field-e08cbcb\" class=\"elementor-field form-control elementor-size-md elementor-field-textual\" placeholder=\"Tama\u00f1o m\u00ednimo (metros cuadrados)\" title=\"* Tama\u00f1o m\u00ednimo (metros cuadrados)\" min=\"0\">                    <\/div>\n\n                                        <div class=\"elementor-field-group elementor-column form-group elementor-field-group-66cc0de elementor-col-50\">\n                    <input type=\"number\" name=\"e_meta[beds]\" id=\"form-field-66cc0de\" class=\"elementor-field form-control elementor-size-md elementor-field-textual\" placeholder=\"N\u00famero de dormitorios\" title=\"* N\u00famero de dormitorios\" min=\"0\">                    <\/div>\n\n                                        <div class=\"elementor-field-group elementor-column form-group elementor-field-group-dea086f elementor-col-50\">\n                    <input type=\"number\" name=\"e_meta[baths]\" id=\"form-field-dea086f\" class=\"elementor-field form-control elementor-size-md elementor-field-textual\" placeholder=\"N\u00famero de ba\u00f1os\" title=\"* N\u00famero de ba\u00f1os\" min=\"0\">                    <\/div>\n\n                                        <div class=\"elementor-field-group elementor-column form-group elementor-field-group-95c61a9 elementor-col-100\">\n                    <label for=\"form-field-95c61a9\" class=\"form-label elementor-field-label\">Mensaje<\/label><textarea class=\"elementor-field-textual elementor-field elementor-size-md\" name=\"message\" id=\"form-field-95c61a9\" rows=\"4\"><\/textarea>                    <\/div>\n\n                    \n                    \n                                        <div class=\"form-group elementor-field-group elementor-col-100\">\n                        <label class=\"control control--checkbox m-0 \">\n                                                        <input required type=\"checkbox\" name=\"gdpr_agreement\" id=\"gdpr_agreement\" aria-required=\"true\">\n                            <span class=\"control__indicator\"><\/span>\n                                                        <div class=\"gdpr-text-wrap\">\n                            Doy mi consentimiento para que este sitio web almacene la informaci\u00f3n enviada                            <\/div>\n                            \n                        <\/label>\n                    <\/div><!-- form-group -->\n                    \n                    \n                                        <div class=\"\">\n                                            <\/div>\n                    \n                    <div class=\"elementor-field-group elementor-column elementor-field-type-submit elementor-col-100\">\n                    <button type=\"submit\" class=\"houzez-submit-button houzez-contact-form-js elementor-button elementor-size-md\">\n                        <i class=\"houzez-loader-js houzez-hidden spinner-border spinner-border-sm\"><\/i>\n                                                    Enviar                                            <\/button>\n                <\/div>\n            <\/div><!-- End wrapper-->\n            <br\/>\n            <div class=\"ele-form-messages\"><\/div>\n            <div class=\"error-container\"><\/div>\n\n        <\/form>\n\n    \t\t\t\t<\/div>\n\t\t\t\t<\/div>\n\t\t\t\t\t<\/div>\n\t\t<\/div>\n\t\t\t\t\t<\/div>\n\t\t<\/section>\n\t\t\t\t<div class=\"elementor-element elementor-element-eb5dd10 elementor-widget elementor-widget-spacer\" data-id=\"eb5dd10\" data-element_type=\"widget\" data-e-type=\"widget\" data-widget_type=\"spacer.default\">\n\t\t\t\t<div class=\"elementor-widget-container\">\n\t\t\t\t\t\t\t<div class=\"elementor-spacer\">\n\t\t\t<div class=\"elementor-spacer-inner\"><\/div>\n\t\t<\/div>\n\t\t\t\t\t\t<\/div>\n\t\t\t\t<\/div>\n\t\t\t\t\t<\/div>\n\t\t<\/div>\n\t\t\t\t\t<\/div>\n\t\t<\/section>\n\t\t\t\t<\/div>\n\t\t","protected":false},"excerpt":{"rendered":"<p>Formulario de consulta personalizado Tipo de consulta SeleccionaPurchase Rent Sell Evaluation Mortgage Informaci\u00f3n Soy un\/unaSoy clienteSoy agente inmobiliarioSoy due\u00f1o de una propiedad Ubicaci\u00f3n Seleccionar ciudad B\u00e1varo Puerto plata Punta cana Santiago Santo Domingo &nbsp; Selecciona el sector Arroyo Hondo Cerros de Gurabo El Embrujo Embrujo I Evaristo Morales Jacagua La Arboleda Llanos de Gurabo Los [&hellip;]<\/p>\n","protected":false},"author":1,"featured_media":0,"parent":0,"menu_order":0,"comment_status":"closed","ping_status":"closed","template":"template\/template-homepage.php","meta":{"_uf_show_specific_survey":0,"_uf_disable_surveys":false,"footnotes":""},"class_list":["post-17149","page","type-page","status-publish","hentry"],"aioseo_notices":[],"_links":{"self":[{"href":"https:\/\/prohouse.com.do\/en\/wp-json\/wp\/v2\/pages\/17149","targetHints":{"allow":["GET"]}}],"collection":[{"href":"https:\/\/prohouse.com.do\/en\/wp-json\/wp\/v2\/pages"}],"about":[{"href":"https:\/\/prohouse.com.do\/en\/wp-json\/wp\/v2\/types\/page"}],"author":[{"embeddable":true,"href":"https:\/\/prohouse.com.do\/en\/wp-json\/wp\/v2\/users\/1"}],"replies":[{"embeddable":true,"href":"https:\/\/prohouse.com.do\/en\/wp-json\/wp\/v2\/comments?post=17149"}],"version-history":[{"count":52,"href":"https:\/\/prohouse.com.do\/en\/wp-json\/wp\/v2\/pages\/17149\/revisions"}],"predecessor-version":[{"id":18452,"href":"https:\/\/prohouse.com.do\/en\/wp-json\/wp\/v2\/pages\/17149\/revisions\/18452"}],"wp:attachment":[{"href":"https:\/\/prohouse.com.do\/en\/wp-json\/wp\/v2\/media?parent=17149"}],"curies":[{"name":"wp","href":"https:\/\/api.w.org\/{rel}","templated":true}]}}